{"id":22,"date":"2018-02-05T16:46:09","date_gmt":"2018-02-05T15:46:09","guid":{"rendered":"http:\/\/www.rent-the-look.de\/?post_type=product&#038;p=22"},"modified":"2020-12-09T10:06:23","modified_gmt":"2020-12-09T09:06:23","slug":"kerzenstaender-stumpen-kupfer","status":"publish","type":"product","link":"https:\/\/www.rent-the-look.de\/index.php\/produkt\/kerzenstaender-stumpen-kupfer\/","title":{"rendered":"Kerzenst\u00e4nder Kupfer  | 2 Gr\u00f6\u00dfen"},"content":{"rendered":"","protected":false},"excerpt":{"rendered":"<p>Klein: 21,5cm<\/p>\n<p>Gro\u00df 29cm<\/p>\n<p>&nbsp;<\/p>\n<p>F\u00fcr Stumpenkerzen, aber auch f\u00fcr Stabkerzen nutzbar<\/p>\n","protected":false},"featured_media":25827,"comment_status":"open","ping_status":"closed","template":"","meta":[],"_links":{"self":[{"href":"https:\/\/www.rent-the-look.de\/index.php\/wp-json\/wp\/v2\/product\/22"}],"collection":[{"href":"https:\/\/www.rent-the-look.de\/index.php\/wp-json\/wp\/v2\/product"}],"about":[{"href":"https:\/\/www.rent-the-look.de\/index.php\/wp-json\/wp\/v2\/types\/product"}],"replies":[{"embeddable":true,"href":"https:\/\/www.rent-the-look.de\/index.php\/wp-json\/wp\/v2\/comments?post=22"}],"wp:featuredmedia":[{"embeddable":true,"href":"https:\/\/www.rent-the-look.de\/index.php\/wp-json\/wp\/v2\/media\/25827"}],"wp:attachment":[{"href":"https:\/\/www.rent-the-look.de\/index.php\/wp-json\/wp\/v2\/media?parent=22"}],"curies":[{"name":"wp","href":"https:\/\/api.w.org\/{rel}","templated":true}]}}