{"id":24736,"date":"2018-02-06T10:05:28","date_gmt":"2018-02-06T09:05:28","guid":{"rendered":"http:\/\/www.rent-the-look.de\/?post_type=product&#038;p=24736"},"modified":"2018-08-23T12:12:04","modified_gmt":"2018-08-23T10:12:04","slug":"spitzenlaeufer-weiss","status":"publish","type":"product","link":"https:\/\/www.rent-the-look.de\/index.php\/produkt\/spitzenlaeufer-weiss\/","title":{"rendered":"Spitzenl\u00e4ufer wei\u00df"},"content":{"rendered":"","protected":false},"excerpt":{"rendered":"<p>Gr\u00f6\u00dfe: 45cm x150cm<\/p>\n","protected":false},"featured_media":25587,"comment_status":"open","ping_status":"closed","template":"","meta":[],"_links":{"self":[{"href":"https:\/\/www.rent-the-look.de\/index.php\/wp-json\/wp\/v2\/product\/24736"}],"collection":[{"href":"https:\/\/www.rent-the-look.de\/index.php\/wp-json\/wp\/v2\/product"}],"about":[{"href":"https:\/\/www.rent-the-look.de\/index.php\/wp-json\/wp\/v2\/types\/product"}],"replies":[{"embeddable":true,"href":"https:\/\/www.rent-the-look.de\/index.php\/wp-json\/wp\/v2\/comments?post=24736"}],"wp:featuredmedia":[{"embeddable":true,"href":"https:\/\/www.rent-the-look.de\/index.php\/wp-json\/wp\/v2\/media\/25587"}],"wp:attachment":[{"href":"https:\/\/www.rent-the-look.de\/index.php\/wp-json\/wp\/v2\/media?parent=24736"}],"curies":[{"name":"wp","href":"https:\/\/api.w.org\/{rel}","templated":true}]}}