{"id":25200,"date":"2018-02-15T16:55:28","date_gmt":"2018-02-15T15:55:28","guid":{"rendered":"http:\/\/www.rent-the-look.de\/?post_type=product&#038;p=25200"},"modified":"2020-12-20T21:00:58","modified_gmt":"2020-12-20T20:00:58","slug":"kerzenstaender-kupfer-klein-fuer-stabkerzen","status":"publish","type":"product","link":"https:\/\/www.rent-the-look.de\/index.php\/produkt\/kerzenstaender-kupfer-klein-fuer-stabkerzen\/","title":{"rendered":"Kerzenst\u00e4nder Kupfer klein f\u00fcr Stabkerzen"},"content":{"rendered":"","protected":false},"excerpt":{"rendered":"<p>H\u00f6he: 8cm<\/p>\n","protected":false},"featured_media":26306,"comment_status":"open","ping_status":"closed","template":"","meta":[],"_links":{"self":[{"href":"https:\/\/www.rent-the-look.de\/index.php\/wp-json\/wp\/v2\/product\/25200"}],"collection":[{"href":"https:\/\/www.rent-the-look.de\/index.php\/wp-json\/wp\/v2\/product"}],"about":[{"href":"https:\/\/www.rent-the-look.de\/index.php\/wp-json\/wp\/v2\/types\/product"}],"replies":[{"embeddable":true,"href":"https:\/\/www.rent-the-look.de\/index.php\/wp-json\/wp\/v2\/comments?post=25200"}],"wp:featuredmedia":[{"embeddable":true,"href":"https:\/\/www.rent-the-look.de\/index.php\/wp-json\/wp\/v2\/media\/26306"}],"wp:attachment":[{"href":"https:\/\/www.rent-the-look.de\/index.php\/wp-json\/wp\/v2\/media?parent=25200"}],"curies":[{"name":"wp","href":"https:\/\/api.w.org\/{rel}","templated":true}]}}