{"id":25448,"date":"2018-04-23T11:58:29","date_gmt":"2018-04-23T09:58:29","guid":{"rendered":"http:\/\/www.rent-the-look.de\/?post_type=product&#038;p=25448"},"modified":"2018-08-13T13:53:05","modified_gmt":"2018-08-13T11:53:05","slug":"oellampe-2-groessen-2","status":"publish","type":"product","link":"https:\/\/www.rent-the-look.de\/index.php\/produkt\/oellampe-2-groessen-2\/","title":{"rendered":"\u00d6llampe  | 2 Gr\u00f6\u00dfen"},"content":{"rendered":"","protected":false},"excerpt":{"rendered":"<p class=\"p1\">Klein: 21,5 cm<\/p>\n<p class=\"p1\">Gro\u00df: 29 cm<\/p>\n<p class=\"p1\">\n","protected":false},"featured_media":25788,"comment_status":"open","ping_status":"closed","template":"","meta":[],"_links":{"self":[{"href":"https:\/\/www.rent-the-look.de\/index.php\/wp-json\/wp\/v2\/product\/25448"}],"collection":[{"href":"https:\/\/www.rent-the-look.de\/index.php\/wp-json\/wp\/v2\/product"}],"about":[{"href":"https:\/\/www.rent-the-look.de\/index.php\/wp-json\/wp\/v2\/types\/product"}],"replies":[{"embeddable":true,"href":"https:\/\/www.rent-the-look.de\/index.php\/wp-json\/wp\/v2\/comments?post=25448"}],"wp:featuredmedia":[{"embeddable":true,"href":"https:\/\/www.rent-the-look.de\/index.php\/wp-json\/wp\/v2\/media\/25788"}],"wp:attachment":[{"href":"https:\/\/www.rent-the-look.de\/index.php\/wp-json\/wp\/v2\/media?parent=25448"}],"curies":[{"name":"wp","href":"https:\/\/api.w.org\/{rel}","templated":true}]}}