{"id":25455,"date":"2018-04-23T12:10:26","date_gmt":"2018-04-23T10:10:26","guid":{"rendered":"http:\/\/www.rent-the-look.de\/?post_type=product&#038;p=25455"},"modified":"2018-08-13T16:10:45","modified_gmt":"2018-08-13T14:10:45","slug":"glascubus-3-groessen","status":"publish","type":"product","link":"https:\/\/www.rent-the-look.de\/index.php\/produkt\/glascubus-3-groessen\/","title":{"rendered":"Glascubus | 3 Gr\u00f6\u00dfen"},"content":{"rendered":"","protected":false},"excerpt":{"rendered":"<p>Die kleine und mittlere Gr\u00f6\u00dfe ist auch gut als Windlicht ( mit Vierkantkerzen best\u00fcckt) nutzbar!<\/p>\n<p class=\"p1\">Klein: 8&#215;8 cm<\/p>\n<p>Mittel: 12&#215;12 cm<\/p>\n<p class=\"p1\">Gro\u00df: 18&#215;18 cm<\/p>\n<p class=\"p1\">\n","protected":false},"featured_media":26027,"comment_status":"open","ping_status":"closed","template":"","meta":[],"_links":{"self":[{"href":"https:\/\/www.rent-the-look.de\/index.php\/wp-json\/wp\/v2\/product\/25455"}],"collection":[{"href":"https:\/\/www.rent-the-look.de\/index.php\/wp-json\/wp\/v2\/product"}],"about":[{"href":"https:\/\/www.rent-the-look.de\/index.php\/wp-json\/wp\/v2\/types\/product"}],"replies":[{"embeddable":true,"href":"https:\/\/www.rent-the-look.de\/index.php\/wp-json\/wp\/v2\/comments?post=25455"}],"wp:featuredmedia":[{"embeddable":true,"href":"https:\/\/www.rent-the-look.de\/index.php\/wp-json\/wp\/v2\/media\/26027"}],"wp:attachment":[{"href":"https:\/\/www.rent-the-look.de\/index.php\/wp-json\/wp\/v2\/media?parent=25455"}],"curies":[{"name":"wp","href":"https:\/\/api.w.org\/{rel}","templated":true}]}}