{"id":25581,"date":"2018-05-04T15:49:20","date_gmt":"2018-05-04T13:49:20","guid":{"rendered":"http:\/\/www.rent-the-look.de\/?post_type=product&#038;p=25581"},"modified":"2018-08-13T16:05:02","modified_gmt":"2018-08-13T14:05:02","slug":"stuehle-chiavari-gold","status":"publish","type":"product","link":"https:\/\/www.rent-the-look.de\/index.php\/produkt\/stuehle-chiavari-gold\/","title":{"rendered":"2er Set Chiavarist\u00fchle Gold"},"content":{"rendered":"","protected":false},"excerpt":{"rendered":"<p>2 St\u00fcck, perfekt als Brautpaarst\u00fchle zur Trauung oder auch an den Dinnertischen<\/p>\n<p>Mit wei\u00dfem Sitzkissen<\/p>\n","protected":false},"featured_media":25585,"comment_status":"open","ping_status":"closed","template":"","meta":[],"_links":{"self":[{"href":"https:\/\/www.rent-the-look.de\/index.php\/wp-json\/wp\/v2\/product\/25581"}],"collection":[{"href":"https:\/\/www.rent-the-look.de\/index.php\/wp-json\/wp\/v2\/product"}],"about":[{"href":"https:\/\/www.rent-the-look.de\/index.php\/wp-json\/wp\/v2\/types\/product"}],"replies":[{"embeddable":true,"href":"https:\/\/www.rent-the-look.de\/index.php\/wp-json\/wp\/v2\/comments?post=25581"}],"wp:featuredmedia":[{"embeddable":true,"href":"https:\/\/www.rent-the-look.de\/index.php\/wp-json\/wp\/v2\/media\/25585"}],"wp:attachment":[{"href":"https:\/\/www.rent-the-look.de\/index.php\/wp-json\/wp\/v2\/media?parent=25581"}],"curies":[{"name":"wp","href":"https:\/\/api.w.org\/{rel}","templated":true}]}}