{"id":25775,"date":"2018-05-17T13:20:52","date_gmt":"2018-05-17T11:20:52","guid":{"rendered":"http:\/\/www.rent-the-look.de\/?post_type=product&#038;p=25775"},"modified":"2018-08-13T15:39:14","modified_gmt":"2018-08-13T13:39:14","slug":"glasvase-auf-goldstaender-gross","status":"publish","type":"product","link":"https:\/\/www.rent-the-look.de\/index.php\/produkt\/glasvase-auf-goldstaender-gross\/","title":{"rendered":"Glasvase auf Goldst\u00e4nder gro\u00df"},"content":{"rendered":"","protected":false},"excerpt":{"rendered":"<p>Einzelst\u00fcck!<br \/>\nPerfekt als Highlight zum Dekorieren von besonderen Ecken, Brauttisch etc.<\/p>\n<p>&nbsp;<\/p>\n<p>H\u00f6he mit goldfarbenem St\u00e4nder: 36cm<\/p>\n","protected":false},"featured_media":25757,"comment_status":"open","ping_status":"closed","template":"","meta":[],"_links":{"self":[{"href":"https:\/\/www.rent-the-look.de\/index.php\/wp-json\/wp\/v2\/product\/25775"}],"collection":[{"href":"https:\/\/www.rent-the-look.de\/index.php\/wp-json\/wp\/v2\/product"}],"about":[{"href":"https:\/\/www.rent-the-look.de\/index.php\/wp-json\/wp\/v2\/types\/product"}],"replies":[{"embeddable":true,"href":"https:\/\/www.rent-the-look.de\/index.php\/wp-json\/wp\/v2\/comments?post=25775"}],"wp:featuredmedia":[{"embeddable":true,"href":"https:\/\/www.rent-the-look.de\/index.php\/wp-json\/wp\/v2\/media\/25757"}],"wp:attachment":[{"href":"https:\/\/www.rent-the-look.de\/index.php\/wp-json\/wp\/v2\/media?parent=25775"}],"curies":[{"name":"wp","href":"https:\/\/api.w.org\/{rel}","templated":true}]}}