{"id":26103,"date":"2018-06-12T16:26:49","date_gmt":"2018-06-12T14:26:49","guid":{"rendered":"http:\/\/www.rent-the-look.de\/?post_type=product&#038;p=26103"},"modified":"2020-12-10T12:28:21","modified_gmt":"2020-12-10T11:28:21","slug":"kerzenstaender-gold-im-mix","status":"publish","type":"product","link":"https:\/\/www.rent-the-look.de\/index.php\/produkt\/kerzenstaender-gold-im-mix\/","title":{"rendered":"Kerzenst\u00e4nder Gold | verschiedene Formen"},"content":{"rendered":"","protected":false},"excerpt":{"rendered":"<p>Verschiedene Varianten und H\u00f6hen von goldenen Kerzenleuchtern, je nach gew\u00fcnschter Anzahl f\u00fcr euch individuell im Mix zusammengestellt!<\/p>\n<p>Toll dazu zu kombinieren sind auch diese <a href=\"http:\/\/www.rent-the-look.de\/index.php\/produkt\/kerzenstaender-gold-stabkerzen\/\">goldenen Kerzenst\u00e4nder<\/a>\u00a0!<\/p>\n<p>&nbsp;<\/p>\n","protected":false},"featured_media":26330,"comment_status":"open","ping_status":"closed","template":"","meta":[],"_links":{"self":[{"href":"https:\/\/www.rent-the-look.de\/index.php\/wp-json\/wp\/v2\/product\/26103"}],"collection":[{"href":"https:\/\/www.rent-the-look.de\/index.php\/wp-json\/wp\/v2\/product"}],"about":[{"href":"https:\/\/www.rent-the-look.de\/index.php\/wp-json\/wp\/v2\/types\/product"}],"replies":[{"embeddable":true,"href":"https:\/\/www.rent-the-look.de\/index.php\/wp-json\/wp\/v2\/comments?post=26103"}],"wp:featuredmedia":[{"embeddable":true,"href":"https:\/\/www.rent-the-look.de\/index.php\/wp-json\/wp\/v2\/media\/26330"}],"wp:attachment":[{"href":"https:\/\/www.rent-the-look.de\/index.php\/wp-json\/wp\/v2\/media?parent=26103"}],"curies":[{"name":"wp","href":"https:\/\/api.w.org\/{rel}","templated":true}]}}