{"id":26132,"date":"2018-07-02T14:23:49","date_gmt":"2018-07-02T12:23:49","guid":{"rendered":"http:\/\/www.rent-the-look.de\/?post_type=product&#038;p=26132"},"modified":"2018-08-13T15:19:47","modified_gmt":"2018-08-13T13:19:47","slug":"englische-gedecke","status":"publish","type":"product","link":"https:\/\/www.rent-the-look.de\/index.php\/produkt\/englische-gedecke\/","title":{"rendered":"Englische Gedecke"},"content":{"rendered":"","protected":false},"excerpt":{"rendered":"<p>&nbsp;<\/p>\n<p>Englisches Gedeck bestehend aus Tasse, Unterteller &amp; Kuchenteller.<\/p>\n<p class=\"p1\"><span class=\"s1\">Du bist auf der Suche nach stilvollem Geschirr? Dann bist Du bei uns goldrichtig. Unsere Herzst\u00fccke veredeln jede Festtafel und sorgen obendrein f\u00fcr jede Menge Gespr\u00e4chsstoff. Jedes unserer Gedecke ist einzigartig und verspr\u00fcht individuellen Charme. Gern stellen wir Dir eine Auswahl an englischen\/deutschen Gedecken zusammen. <\/span><\/p>\n<p>!<\/p>\n","protected":false},"featured_media":26137,"comment_status":"open","ping_status":"closed","template":"","meta":[],"_links":{"self":[{"href":"https:\/\/www.rent-the-look.de\/index.php\/wp-json\/wp\/v2\/product\/26132"}],"collection":[{"href":"https:\/\/www.rent-the-look.de\/index.php\/wp-json\/wp\/v2\/product"}],"about":[{"href":"https:\/\/www.rent-the-look.de\/index.php\/wp-json\/wp\/v2\/types\/product"}],"replies":[{"embeddable":true,"href":"https:\/\/www.rent-the-look.de\/index.php\/wp-json\/wp\/v2\/comments?post=26132"}],"wp:featuredmedia":[{"embeddable":true,"href":"https:\/\/www.rent-the-look.de\/index.php\/wp-json\/wp\/v2\/media\/26137"}],"wp:attachment":[{"href":"https:\/\/www.rent-the-look.de\/index.php\/wp-json\/wp\/v2\/media?parent=26132"}],"curies":[{"name":"wp","href":"https:\/\/api.w.org\/{rel}","templated":true}]}}